{"id":54069,"date":"2025-03-20T10:00:30","date_gmt":"2025-03-20T09:00:30","guid":{"rendered":"https:\/\/gsi-immobilier.com\/?page_id=54069"},"modified":"2025-03-21T16:37:45","modified_gmt":"2025-03-21T15:37:45","slug":"policy-on-cookies-and-other-trackers","status":"publish","type":"page","link":"https:\/\/gsi-immobilier.cf.prod.fonciatech.net\/en\/policy-on-cookies-and-other-trackers\/","title":{"rendered":"Policy on cookies and other trackers"},"content":{"rendered":"<p>The gsi.immo website is operated by FONCIA, a Soci\u00e9t\u00e9 par Action Simplifi\u00e9e (simplified joint stock company) whose registered office is located at 18-19, place des Reflets &#8211; Tour Aurore &#8211; 92400 COURBEVOIE, registered in the Nanterre Trade and Companies Register under number 890 441 223 (hereinafter \u201cFONCIA\u201d or \u201cwe\u201d).<\/p>\n<p>We &#8211; like many companies &#8211; use cookies and other tracking devices. This policy aims to familiarize you with these technologies, to inform you about those deposited on our site as well as the way we use them and to indicate how you can control them. This policy should be read in conjunction with our personal data protection policy.<\/p>\n<p>We may have to modify the terms. In this case, we will inform you.<\/p>\n<p>&nbsp;<\/p>\n<h2><strong>WHAT IS A COOKIE?<\/strong><\/h2>\n<p>A cookie is a small text file downloaded to your device (computer, tablet, smartphone, etc.) which collects and stores information, personal or otherwise, linked to your browsing.<\/p>\n<p>Cookies can be set either directly by us (\u201cinternal cookies\u201d), enabling us to track you only on our site, or by third parties (\u201cthird-party cookies\u201d), enabling us to track your behavior on all sites integrating them, and thus to follow your browsing from site to site. These third-party cookies are also governed by the policies of said third parties, who may reuse the information collected via our site.<\/p>\n<p>Cookies are only one type of tracking technology; there are others, commonly known as web beacons, such as tags, http variables, advertising identifiers, etc. They are subject to the same rules as cookies. They are all subject to the same rules. For simplicity&#8217;s sake, only the term \u201ccookies\u201d will be used.<\/p>\n<p>&nbsp;<\/p>\n<h2><strong>WHO TO CONTACT IF YOU HAVE ANY QUESTIONS <\/strong><\/h2>\n<p>If you have any questions or complaints, please contact our Data Protection Officer (DPO) by e-mail\u00a0<a href=\"mailto:dpo@foncia.com\">dpo@foncia.com<\/a>.<\/p>\n<p>We undertake to do our utmost to respect your rights. If, after contacting us, you still feel that your rights have not been respected, you can send a complaint to the CNIL by post to 3 Place de Fontenoy &#8211; TSA 80715 &#8211; 75334 PARIS CEDEX 07, or directly to the following address <a href=\"https:\/\/www.cnil.fr\/fr\/plaintes\">site<\/a>.<\/p>\n<p>&nbsp;<\/p>\n<h2><strong>QUELS COOKIES UTILISONS-NOUS\u00a0?<\/strong><\/h2>\n<p>We and our partners use cookies on our site to :<\/p>\n<ul>\n<li>Ensure the security and smooth operation of our site<\/li>\n<li>Offer a quality user experience<\/li>\n<li>Measure and analyze the audience, performance and traffic on our site<\/li>\n<li>Offer advertising tailored to your interests<\/li>\n<\/ul>\n<p>&nbsp;<\/p>\n<p>Each cookie has a different retention period, from a few seconds to a maximum of 13 months, after which it will be deleted: this period will not be extended with each visit. The cookie storing your choices (consent, settings, refusal) has a lifetime of 6 months, which means that we will ask you to make your choices every 6 months.<\/p>\n<p><strong>\u00a0<\/strong><\/p>\n<h3><strong>1. Strictly necessary cookies <\/strong><\/h3>\n<p>We and our partners use these cookies to secure our site, enable you to use it properly and respond to your requests, such as saving your privacy preferences, securing our site against fraud attempts, or enabling you to identify yourself.<\/p>\n<p>These cookies cannot be deactivated in our systems, as they are based on our legitimate interest in ensuring the security, proper functioning and accessibility of our site. You can however configure your browser to block or be informed of the existence of these cookies, but certain parts of the site may be affected.<\/p>\n<p>&nbsp;<\/p>\n<table width=\"0\">\n<tbody>\n<tr>\n<td width=\"104\"><strong>Cookies<\/strong><\/td>\n<td width=\"66\"><strong>Types<\/strong><\/td>\n<td width=\"472\"><strong>Goals<\/strong><\/td>\n<\/tr>\n<tr>\n<td width=\"104\">Axeptio<\/td>\n<td width=\"66\">Third parties<\/td>\n<td width=\"472\">Allows you to save your privacy preferences, i.e. whether or not you consent to cookies being placed on our website.<\/td>\n<\/tr>\n<tr>\n<td width=\"104\">Google Tag Manager<\/td>\n<td width=\"66\">Third parties<\/td>\n<td width=\"472\">Allows you to easily manage tracking tags without affecting the site&#8217;s source code<\/td>\n<\/tr>\n<tr>\n<td width=\"104\">Jsdelivr.com<\/td>\n<td width=\"66\">Third parties<\/td>\n<td width=\"472\">Imports JavaScript libraries and supports multiple content management systems (npm, github, wordpress, Deno, &#8230;).<\/td>\n<\/tr>\n<tr>\n<td width=\"104\">Google Fonts<\/td>\n<td width=\"66\">Third parties<\/td>\n<td width=\"472\">Allows you to obtain different fonts for the ergonomics of our website<\/td>\n<\/tr>\n<tr>\n<td width=\"104\">Google ReCAPTCHA<\/td>\n<td width=\"66\">Third parties<\/td>\n<td width=\"472\">Secures contact forms and login authentication against fraud and abuse<\/td>\n<\/tr>\n<tr>\n<td width=\"104\">FonciaTech<\/td>\n<td width=\"66\">Internal<\/td>\n<td width=\"472\">Provides a link between Foncia&#8217;s internal services and the website, e.g. management of flows between a contact form on the website and Foncia&#8217;s internal tool receiving the data.<\/td>\n<\/tr>\n<tr>\n<td width=\"104\">MapTiler<\/td>\n<td width=\"66\">Third parties<\/td>\n<td width=\"472\">Display geolocation maps to locate assets and enable users to search for them<\/td>\n<\/tr>\n<\/tbody>\n<\/table>\n<p><strong>\u00a0<\/strong><\/p>\n<h3><strong>2. Operational cookies<\/strong><\/h3>\n<p>We and our partners use these cookies to improve and personalize the functionalities of our site (e.g., allow you to view videos, perform A\/B tests, find the agency closest to you, etc.).<\/p>\n<p>The use of these cookies is based on your consent. If you refuse to accept them, some of these services may not function properly.<\/p>\n<p>&nbsp;<\/p>\n<table width=\"0\">\n<tbody>\n<tr>\n<td width=\"156\"><strong>Cookie<\/strong><\/td>\n<td width=\"63\"><strong>Type<\/strong><\/td>\n<td width=\"423\"><strong>Goals<\/strong><\/td>\n<\/tr>\n<tr>\n<td width=\"156\">YouTube<\/td>\n<td width=\"63\">Third parties<\/td>\n<td width=\"423\">Displays our YouTube videos, integrated on our pages, so that you can view them correctly.<\/td>\n<\/tr>\n<\/tbody>\n<\/table>\n<p>&nbsp;<\/p>\n<h3><strong>3. Performance and analysis cookies <\/strong><\/h3>\n<p>We and our partners use these cookies to measure and analyze the audience in order to understand how you interact with our site (number of visits, pages viewed, time spent, traffic sources, most and least popular pages, etc.). We use this data to produce statistics on an aggregated basis and to improve the performance of our site.<\/p>\n<p>We use Piano Analytics cookies. We have configured them in accordance with the guide published by the CNIL, enabling us to fall within the scope of the consent exemption.<\/p>\n<p>&nbsp;<\/p>\n<table width=\"0\">\n<tbody>\n<tr>\n<td width=\"104\"><strong>Cookie<\/strong><\/td>\n<td width=\"66\"><strong>Type<\/strong><\/td>\n<td width=\"472\"><strong>Goals<\/strong><\/td>\n<\/tr>\n<tr>\n<td width=\"104\">Google Analytics<\/td>\n<td width=\"66\">Third parties<\/td>\n<td width=\"472\">Enables us to understand how the user interacts with the site (number of visits, pages consulted, time spent, traffic sources, most and least popular pages, etc.) in order to compile statistics and improve the performance of our site.<\/td>\n<\/tr>\n<\/tbody>\n<\/table>\n<p><strong>\u00a0<\/strong><\/p>\n<h3><strong>4. Advertising cookies <\/strong><\/h3>\n<p>We and our partners use these cookies to tailor advertising to your interests, to limit the number of times you are shown the same ad and to manage and evaluate the effectiveness of our advertising campaigns. When these cookies are deposited by our partners, they also enable us to offer you our advertising outside our site, including on social networks.<\/p>\n<p>The use of these cookies is based on your consent. If you refuse to accept them, this will have no impact on your browsing experience; we will simply be unable to improve your advertising experience and offer you targeted advertising.<\/p>\n<table width=\"0\">\n<tbody>\n<tr>\n<td width=\"104\"><strong>Cookie<\/strong><\/td>\n<td width=\"66\"><strong>Type<\/strong><\/td>\n<td width=\"472\"><strong>Goals<\/strong><\/td>\n<\/tr>\n<tr>\n<td width=\"104\">Facebook Pixel<\/td>\n<td width=\"66\">Third parties<\/td>\n<td width=\"472\">Enables us to track visitor actions on the website, see if there are any conversions, determine which users to serve our ads to based on the actions performed (via Facebook SDK) and analyze the performance of our ads by tracking visitor actions (via Facebook Conversion Tracking).<\/td>\n<\/tr>\n<tr>\n<td width=\"104\">Google Advertising Products<\/td>\n<td width=\"66\">Third parties<\/td>\n<td width=\"472\">Allows us to display advertisements on our site and on the pages of Google or other websites, in the form of a banner, after a user has shown a particular interest in one of our services on our site, and to track user interactions with these advertisements in order to measure the performance of advertising campaigns (via Google Double Click).<\/td>\n<\/tr>\n<tr>\n<td width=\"104\">Bing (Microsoft)<\/td>\n<td width=\"66\">Third parties<\/td>\n<td width=\"472\">Allows you to display ads on Microsoft tools and track users&#8217; interactions with these ads in order to measure the performance of advertising campaigns.<\/td>\n<\/tr>\n<\/tbody>\n<\/table>\n<p>&nbsp;<\/p>\n<h2><strong>WHO ARE OUR PARTNERS?<\/strong><\/h2>\n<p>As you may have noticed, we are not the only ones to place cookies on our site. Some cookies are placed by our partners, who have access to the information collected. To find out more about the use of these cookies and your rights, please consult the data protection policies of these third parties.<\/p>\n<table>\n<tbody>\n<tr>\n<td width=\"132\"><strong>Third-party partners<\/strong><\/td>\n<td width=\"506\"><strong>Description<\/strong><\/td>\n<\/tr>\n<tr>\n<td width=\"132\"><strong>Axeptio<\/strong><\/td>\n<td width=\"506\">These cookies are used to enable us to retain your choices regarding cookie preferences. Policy : <a href=\"https:\/\/www.axept.io\/fr\/\">https:\/\/www.axept.io\/fr\/<\/a><\/td>\n<\/tr>\n<tr>\n<td width=\"132\"><strong>Google Analytics<\/strong><\/td>\n<td width=\"506\">These cookies are used to understand how you interact with our site in order to compile statistics, on an aggregated basis, and, where appropriate, improve the performance of our site. Policy : <a href=\"https:\/\/piano.io\/privacy-policy\/\">https:\/\/piano.io\/privacy-policy\/<\/a><\/td>\n<\/tr>\n<tr>\n<td width=\"132\"><strong>Google Inc.<\/strong><\/td>\n<td width=\"506\">These cookies are used to automatically differentiate human users from robots (and thus guard against various abuses), to manage the various cookies deposited on the website, and to ensure the efficiency of certain site functionalities (e.g. fonts, etc.). They are also used to display Google Maps so that users can perform geolocation searches, and to enable users to view YouTube videos uploaded to our website. They are also used to understand how you interact with our site in order to carry out statistics, on an aggregated basis, and, where appropriate, improve the performance of our site. Finally, they enable us to offer you personalized advertising and to manage our advertising campaigns and measure their effectiveness.<\/p>\n<p>Policy: https:\/\/policies.google.com\/privacy<\/td>\n<\/tr>\n<tr>\n<td width=\"132\"><strong>Facebook Inc.<\/strong><\/td>\n<td width=\"506\">These cookies are used to understand how you interact with our site in order to compile statistics, on an aggregated basis, and, where appropriate, improve the performance of our site. They are also used to offer you personalized advertising and to manage our advertising campaigns and measure their effectiveness. Policy : <a href=\"https:\/\/fr-fr.facebook.com\/about\/privacy\/\">https:\/\/fr-fr.facebook.com\/about\/privacy\/<\/a><\/td>\n<\/tr>\n<tr>\n<td width=\"132\"><strong>Microsoft Inc.<\/strong><\/td>\n<td width=\"506\">These cookies are used to display our ads on Microsoft tools, in particular Bing, and to analyze the performance of our advertising campaigns after the fact. Policy : <a href=\"https:\/\/privacy.microsoft.com\/fr-fr\/privacystatement\">https:\/\/privacy.microsoft.com\/fr-fr\/privacystatement<\/a><\/td>\n<\/tr>\n<tr>\n<td width=\"132\"><strong>MapTiler<\/strong><\/td>\n<td width=\"506\">These cookies are used to display geolocation maps to locate properties for rent and to enable users to search for properties Policy : <a href=\"https:\/\/www.maptiler.com\/privacy-policy\/\">https:\/\/www.maptiler.com\/privacy-policy\/<\/a><\/td>\n<\/tr>\n<tr>\n<td width=\"132\"><strong>Jsdelivr<\/strong><\/td>\n<td width=\"506\">These cookies are used to import JavaScript libraries on our website and thus support several content management systems (npm, github, wordpress, Deno, &#8230;).<\/td>\n<\/tr>\n<\/tbody>\n<\/table>\n<h1><\/h1>\n<p>Please note that, in accordance with the RGPD, if these cookies collect your personal data and involve transfers outside the European Union, these will either be based on an adequacy decision by the European Commission, or will take place subject to appropriate contractual guarantees. For further information, please contact our DPO (<a href=\"mailto:dpo@foncia.com\">dpo@foncia.com<\/a>) and consult our personal data protection policy.<\/p>\n<h1><\/h1>\n<h2><strong>HOW TO MANAGE COOKIES? YOU&#8217;RE IN CONTROL! <\/strong><\/h2>\n<p>In general, the placement of cookies is subject to your consent, unless they are strictly necessary, in which case their use is based on our legitimate interests. You can therefore choose to accept or refuse most cookies at any time.<\/p>\n<p><strong>\u00a0<\/strong><\/p>\n<h3><strong>1. Accept, refuse or set parameters directly on our site <\/strong><\/h3>\n<p>As soon as you arrive, a cookies banner is displayed. It allows you to accept or refuse cookies, or to define your preferences. Your consent or refusal applies only to cookies used on our site. Each cookie is described in the banner so that you can make informed choices. If you refuse one or more cookies, you will not be able to take advantage of the related functions described above.<\/p>\n<p>You can change your preferences or withdraw your consent at any time by clicking on the small Axeptio icon on the left-hand side of our site. Withdrawing your consent will not compromise the lawfulness of the deposit made prior to this withdrawal, nor of subsequent processing. We will simply stop storing and using them.<\/p>\n<p>In the case of Piano Analytics cookies, which are exempt from consent as they are configured in accordance with the guide published by the CNIL, you have the option of objecting to them by unchecking the pre-ticked box on the cookies banner.<\/p>\n<p>Finally, if the cookies listed collect your personal data, which is not always the case, you have, in accordance with the RGPD, various rights that can be exercised at any time with our DPO (<a href=\"mailto:dpo@foncia.com\">dpo@foncia.com<\/a>). For more information, see our personal data protection policy.<\/p>\n<p>&nbsp;<\/p>\n<h3><strong>2. Accept, reject or configure via your browser or smartphone<\/strong><\/h3>\n<p>You can also manage the placement of cookies using the settings on your browser or smartphone. They allow you to accept or refuse them, either systematically or according to their origin. You can also configure them to notify you of the presence of a new cookie before it is deposited.<\/p>\n<p>The management tool differs according to your browser or smartphone :<\/p>\n<table width=\"0\">\n<tbody>\n<tr>\n<td width=\"132\">Internet Explorer\u2122<\/td>\n<td width=\"482\"><a href=\"http:\/\/windows.microsoft.com\/fr-FR\/windows-vista\/Block-or-allow-cookies\">http:\/\/windows.microsoft.com\/fr-FR\/windows-vista\/Block-or-allow-cookies<\/a><\/td>\n<\/tr>\n<tr>\n<td width=\"132\">Safari\u2122<\/td>\n<td width=\"482\"><a href=\"https:\/\/support.apple.com\/fr-fr\/guide\/safari\/sfri11471\/mac\">https:\/\/support.apple.com\/fr-fr\/guide\/safari\/sfri11471\/mac<\/a><\/td>\n<\/tr>\n<tr>\n<td width=\"132\">Google Chrome\u2122<\/td>\n<td width=\"482\"><a href=\"http:\/\/support.google.com\/chrome\/bin\/answer.py?hl=fr&amp;hlrm=en&amp;answer=95647\">http:\/\/support.google.com\/chrome\/bin\/answer.py?hl=fr&amp;hlrm=en&amp;answer=95647<\/a><\/td>\n<\/tr>\n<tr>\n<td width=\"132\">Firefox\u2122<\/td>\n<td width=\"482\"><a href=\"https:\/\/support.mozilla.org\/fr\/kb\/activer-desactiver-cookies-preferences\">https:\/\/support.mozilla.org\/fr\/kb\/activer-desactiver-cookies-preferences<\/a><\/td>\n<\/tr>\n<tr>\n<td width=\"132\">Opera\u2122<\/td>\n<td width=\"482\"><a href=\"http:\/\/help.opera.com\/Windows\/10.20\/fr\/cookies.html\">http:\/\/help.opera.com\/Windows\/10.20\/fr\/cookies.html<\/a><\/td>\n<\/tr>\n<tr>\n<td width=\"132\">Appel<\/td>\n<td width=\"482\"><a href=\"https:\/\/support.apple.com\/fr-fr\/HT201265\">https:\/\/support.apple.com\/fr-fr\/HT201265<\/a><\/td>\n<\/tr>\n<tr>\n<td width=\"132\">Android<\/td>\n<td width=\"482\"><a href=\"https:\/\/support.google.com\/chrome\/answer\/95647?co=GENIE.Platform%3DAndroid&amp;hl=fr\">https:\/\/support.google.com\/chrome\/answer\/95647?co=GENIE.Platform%3DAndroid&amp;hl=fr<\/a><\/td>\n<\/tr>\n<\/tbody>\n<\/table>\n<p>&nbsp;<\/p>\n<p>Please note that your choice of settings may affect your Internet browsing experience and your access to certain services requiring the use of cookies.<\/p>\n","protected":false},"excerpt":{"rendered":"<p>The gsi.immo website is operated by FONCIA, a Soci\u00e9t\u00e9 par Action Simplifi\u00e9e (simplified joint stock company) whose registered office is located at 18-19, place des Reflets &#8211; Tour Aurore &#8211; 92400 COURBEVOIE, registered in the Nanterre Trade and Companies Register under number 890 441 223 (hereinafter \u201cFONCIA\u201d or \u201cwe\u201d). We &#8211; like many companies &#8211; [&hellip;]<\/p>\n","protected":false},"author":13,"featured_media":0,"parent":0,"menu_order":0,"comment_status":"closed","ping_status":"closed","template":"template-all-chalets-exception.php","meta":{"_acf_changed":false,"footnotes":""},"class_list":["post-54069","page","type-page","status-publish","hentry"],"acf":[],"yoast_head":"<!-- This site is optimized with the Yoast SEO plugin v26.4 - https:\/\/yoast.com\/wordpress\/plugins\/seo\/ -->\n<title>Policy on cookies and other trackers - GSI Immobilier<\/title>\n<meta name=\"robots\" content=\"index, follow, max-snippet:-1, max-image-preview:large, max-video-preview:-1\" \/>\n<link rel=\"canonical\" href=\"https:\/\/www.gsi-immobilier.com\/en\/policy-on-cookies-and-other-trackers\/\" \/>\n<meta property=\"og:locale\" content=\"en_US\" \/>\n<meta property=\"og:type\" content=\"article\" \/>\n<meta property=\"og:title\" content=\"Policy on cookies and other trackers - GSI Immobilier\" \/>\n<meta property=\"og:description\" content=\"The gsi.immo website is operated by FONCIA, a Soci\u00e9t\u00e9 par Action Simplifi\u00e9e (simplified joint stock company) whose registered office is located at 18-19, place des Reflets &#8211; Tour Aurore &#8211; 92400 COURBEVOIE, registered in the Nanterre Trade and Companies Register under number 890 441 223 (hereinafter \u201cFONCIA\u201d or \u201cwe\u201d). We &#8211; like many companies &#8211; [&hellip;]\" \/>\n<meta property=\"og:url\" content=\"https:\/\/www.gsi-immobilier.com\/en\/policy-on-cookies-and-other-trackers\/\" \/>\n<meta property=\"og:site_name\" content=\"GSI Immobilier\" \/>\n<meta property=\"article:publisher\" content=\"https:\/\/www.facebook.com\/gsi.by.foncia\" \/>\n<meta property=\"article:modified_time\" content=\"2025-03-21T15:37:45+00:00\" \/>\n<meta name=\"twitter:card\" content=\"summary_large_image\" \/>\n<meta name=\"twitter:label1\" content=\"Est. reading time\" \/>\n\t<meta name=\"twitter:data1\" content=\"21 minutes\" \/>\n<script type=\"application\/ld+json\" class=\"yoast-schema-graph\">{\"@context\":\"https:\/\/schema.org\",\"@graph\":[{\"@type\":\"WebPage\",\"@id\":\"https:\/\/www.gsi-immobilier.com\/en\/policy-on-cookies-and-other-trackers\/\",\"url\":\"https:\/\/www.gsi-immobilier.com\/en\/policy-on-cookies-and-other-trackers\/\",\"name\":\"Policy on cookies and other trackers - GSI Immobilier\",\"isPartOf\":{\"@id\":\"https:\/\/www.gsi-immobilier.com\/#website\"},\"datePublished\":\"2025-03-20T09:00:30+00:00\",\"dateModified\":\"2025-03-21T15:37:45+00:00\",\"breadcrumb\":{\"@id\":\"https:\/\/www.gsi-immobilier.com\/en\/policy-on-cookies-and-other-trackers\/#breadcrumb\"},\"inLanguage\":\"en-gb\",\"potentialAction\":[{\"@type\":\"ReadAction\",\"target\":[\"https:\/\/www.gsi-immobilier.com\/en\/policy-on-cookies-and-other-trackers\/\"]}]},{\"@type\":\"BreadcrumbList\",\"@id\":\"https:\/\/www.gsi-immobilier.com\/en\/policy-on-cookies-and-other-trackers\/#breadcrumb\",\"itemListElement\":[{\"@type\":\"ListItem\",\"position\":1,\"name\":\"Accueil\",\"item\":\"https:\/\/www.gsi-immobilier.com\/en\/\"},{\"@type\":\"ListItem\",\"position\":2,\"name\":\"Policy on cookies and other trackers\"}]},{\"@type\":\"WebSite\",\"@id\":\"https:\/\/www.gsi-immobilier.com\/#website\",\"url\":\"https:\/\/www.gsi-immobilier.com\/\",\"name\":\"GSI Immobilier\",\"description\":\"Chalets et appartements en montagne\",\"publisher\":{\"@id\":\"https:\/\/www.gsi-immobilier.com\/#organization\"},\"potentialAction\":[{\"@type\":\"SearchAction\",\"target\":{\"@type\":\"EntryPoint\",\"urlTemplate\":\"https:\/\/www.gsi-immobilier.com\/?s={search_term_string}\"},\"query-input\":{\"@type\":\"PropertyValueSpecification\",\"valueRequired\":true,\"valueName\":\"search_term_string\"}}],\"inLanguage\":\"en-gb\"},{\"@type\":\"Organization\",\"@id\":\"https:\/\/www.gsi-immobilier.com\/#organization\",\"name\":\"GSI Immobilier\",\"url\":\"https:\/\/www.gsi-immobilier.com\/\",\"logo\":{\"@type\":\"ImageObject\",\"inLanguage\":\"en-gb\",\"@id\":\"https:\/\/www.gsi-immobilier.com\/#\/schema\/logo\/image\/\",\"url\":\"https:\/\/gsi-immobilier.com\/wp-content\/uploads\/2024\/09\/GSI_BY_FONCIA_LOGO_RVB__BLANC.png\",\"contentUrl\":\"https:\/\/gsi-immobilier.com\/wp-content\/uploads\/2024\/09\/GSI_BY_FONCIA_LOGO_RVB__BLANC.png\",\"width\":1920,\"height\":1606,\"caption\":\"GSI Immobilier\"},\"image\":{\"@id\":\"https:\/\/www.gsi-immobilier.com\/#\/schema\/logo\/image\/\"},\"sameAs\":[\"https:\/\/www.facebook.com\/gsi.by.foncia\"]}]}<\/script>\n<!-- \/ Yoast SEO plugin. -->","yoast_head_json":{"title":"Policy on cookies and other trackers - GSI Immobilier","robots":{"index":"index","follow":"follow","max-snippet":"max-snippet:-1","max-image-preview":"max-image-preview:large","max-video-preview":"max-video-preview:-1"},"canonical":"https:\/\/www.gsi-immobilier.com\/en\/policy-on-cookies-and-other-trackers\/","og_locale":"en_US","og_type":"article","og_title":"Policy on cookies and other trackers - GSI Immobilier","og_description":"The gsi.immo website is operated by FONCIA, a Soci\u00e9t\u00e9 par Action Simplifi\u00e9e (simplified joint stock company) whose registered office is located at 18-19, place des Reflets &#8211; Tour Aurore &#8211; 92400 COURBEVOIE, registered in the Nanterre Trade and Companies Register under number 890 441 223 (hereinafter \u201cFONCIA\u201d or \u201cwe\u201d). We &#8211; like many companies &#8211; [&hellip;]","og_url":"https:\/\/www.gsi-immobilier.com\/en\/policy-on-cookies-and-other-trackers\/","og_site_name":"GSI Immobilier","article_publisher":"https:\/\/www.facebook.com\/gsi.by.foncia","article_modified_time":"2025-03-21T15:37:45+00:00","twitter_card":"summary_large_image","twitter_misc":{"Est. reading time":"21 minutes"},"schema":{"@context":"https:\/\/schema.org","@graph":[{"@type":"WebPage","@id":"https:\/\/www.gsi-immobilier.com\/en\/policy-on-cookies-and-other-trackers\/","url":"https:\/\/www.gsi-immobilier.com\/en\/policy-on-cookies-and-other-trackers\/","name":"Policy on cookies and other trackers - GSI Immobilier","isPartOf":{"@id":"https:\/\/www.gsi-immobilier.com\/#website"},"datePublished":"2025-03-20T09:00:30+00:00","dateModified":"2025-03-21T15:37:45+00:00","breadcrumb":{"@id":"https:\/\/www.gsi-immobilier.com\/en\/policy-on-cookies-and-other-trackers\/#breadcrumb"},"inLanguage":"en-gb","potentialAction":[{"@type":"ReadAction","target":["https:\/\/www.gsi-immobilier.com\/en\/policy-on-cookies-and-other-trackers\/"]}]},{"@type":"BreadcrumbList","@id":"https:\/\/www.gsi-immobilier.com\/en\/policy-on-cookies-and-other-trackers\/#breadcrumb","itemListElement":[{"@type":"ListItem","position":1,"name":"Accueil","item":"https:\/\/www.gsi-immobilier.com\/en\/"},{"@type":"ListItem","position":2,"name":"Policy on cookies and other trackers"}]},{"@type":"WebSite","@id":"https:\/\/www.gsi-immobilier.com\/#website","url":"https:\/\/www.gsi-immobilier.com\/","name":"GSI Immobilier","description":"Chalets et appartements en montagne","publisher":{"@id":"https:\/\/www.gsi-immobilier.com\/#organization"},"potentialAction":[{"@type":"SearchAction","target":{"@type":"EntryPoint","urlTemplate":"https:\/\/www.gsi-immobilier.com\/?s={search_term_string}"},"query-input":{"@type":"PropertyValueSpecification","valueRequired":true,"valueName":"search_term_string"}}],"inLanguage":"en-gb"},{"@type":"Organization","@id":"https:\/\/www.gsi-immobilier.com\/#organization","name":"GSI Immobilier","url":"https:\/\/www.gsi-immobilier.com\/","logo":{"@type":"ImageObject","inLanguage":"en-gb","@id":"https:\/\/www.gsi-immobilier.com\/#\/schema\/logo\/image\/","url":"https:\/\/gsi-immobilier.com\/wp-content\/uploads\/2024\/09\/GSI_BY_FONCIA_LOGO_RVB__BLANC.png","contentUrl":"https:\/\/gsi-immobilier.com\/wp-content\/uploads\/2024\/09\/GSI_BY_FONCIA_LOGO_RVB__BLANC.png","width":1920,"height":1606,"caption":"GSI Immobilier"},"image":{"@id":"https:\/\/www.gsi-immobilier.com\/#\/schema\/logo\/image\/"},"sameAs":["https:\/\/www.facebook.com\/gsi.by.foncia"]}]}},"_links":{"self":[{"href":"https:\/\/gsi-immobilier.cf.prod.fonciatech.net\/en\/wp-json\/wp\/v2\/pages\/54069","targetHints":{"allow":["GET"]}}],"collection":[{"href":"https:\/\/gsi-immobilier.cf.prod.fonciatech.net\/en\/wp-json\/wp\/v2\/pages"}],"about":[{"href":"https:\/\/gsi-immobilier.cf.prod.fonciatech.net\/en\/wp-json\/wp\/v2\/types\/page"}],"author":[{"embeddable":true,"href":"https:\/\/gsi-immobilier.cf.prod.fonciatech.net\/en\/wp-json\/wp\/v2\/users\/13"}],"replies":[{"embeddable":true,"href":"https:\/\/gsi-immobilier.cf.prod.fonciatech.net\/en\/wp-json\/wp\/v2\/comments?post=54069"}],"version-history":[{"count":7,"href":"https:\/\/gsi-immobilier.cf.prod.fonciatech.net\/en\/wp-json\/wp\/v2\/pages\/54069\/revisions"}],"predecessor-version":[{"id":54133,"href":"https:\/\/gsi-immobilier.cf.prod.fonciatech.net\/en\/wp-json\/wp\/v2\/pages\/54069\/revisions\/54133"}],"wp:attachment":[{"href":"https:\/\/gsi-immobilier.cf.prod.fonciatech.net\/en\/wp-json\/wp\/v2\/media?parent=54069"}],"curies":[{"name":"wp","href":"https:\/\/api.w.org\/{rel}","templated":true}]}}