{"id":1700,"date":"2018-08-23T17:22:28","date_gmt":"2018-08-23T15:22:28","guid":{"rendered":"http:\/\/gsi-immobilier.com\/mentions-legales\/"},"modified":"2025-03-31T15:55:46","modified_gmt":"2025-03-31T13:55:46","slug":"legal-notices","status":"publish","type":"page","link":"https:\/\/gsi-immobilier.cf.prod.fonciatech.net\/en\/legal-notices\/","title":{"rendered":"Legal Notices"},"content":{"rendered":"<p><strong>General presentation<\/strong><\/p>\n<p>SAS ALPIMO, a subsidiary of FONCIA, a simplified joint stock company with capital of \u20ac150,000.00 &#8211; RCS Chamb\u00e9ry 417 699 394.<br \/>\nRegistered office: 74 Place de l&#8217;Europe &#8211; 73200 Albertville &#8211; Business card n\u00b0 CPI CPI73012017000022442, issued on 13\/11\/2020 by the Savoie Chamber of Commerce and Industry at 5 rue Salteur, 73000 Chamb\u00e9ry. Financial guarantor: GALIAN Assurances &#8211; 89 rue La Bo\u00e9tie &#8211; 75008 PARIS. Intracommunity VAT No. FR08 417 699 394 represented by Mr Jean-Christophe SINEGRE, in his capacity as Chairman, duly authorised for the purposes hereof.<\/p>\n<p>Your contact carries on the business of real estate and business intermediation in accordance with the law of 2 January 1970, n\u00b070-9, known as the &#8220;Hoguet Law&#8221; and its implementing decree n\u00b072-678 of 20 July 1972. These texts can be consulted free of charge at <a href=\"http:\/\/www.legifrance.gouv.fr\">www.legifrance.gouv.fr<\/a>.<\/p>\n<p>FONCIA, a soci\u00e9t\u00e9 par actions simplifi\u00e9e (simplified joint stock company) with capital of \u20ac280,484,700, whose registered office is at ANTONY (92160) &#8211; 13, avenue Le Brun, registered with the NANTERRE Trade and Companies Register under no. 890 441 223, represented by its Chairman, EMERIA, a soci\u00e9t\u00e9 par actions simplifi\u00e9e (simplified joint stock company) with capital of \u20ac726. 000,832.40 whose registered office is at ANTONY (92160) &#8211; 13, avenue Le Brun, registered in the Nanterre Trade and Companies Register under number 820 204 766, itself represented by Mr Philippe Salle.<\/p>\n<p>&nbsp;<\/p>\n<p>Design: Merci creative &#8211; 460 rue de la Bourgeat, 73700 Bourg St Maurice &#8211; France &#8211; www.wearemerci.com<br \/>\nHosting: Kinsta Inc, whose registered office is located at 8605 Santa Monica Blvd #92581 West Hollywood, CA 90069 &#8211; United States.<br \/>\nContact: GSI by Foncia &#8211; 74 Place de l&#8217;Europe &#8211; 73200 Albertville &#8211; France<br \/>\nE-mail: info@gsi.immo<\/p>\n<p>&nbsp;<\/p>\n<p><strong>Properties for holiday rental<\/strong><\/p>\n<p>The characteristics of the properties for rent as well as their prices, although subject to particular attention, are given subject to typing errors or availability at the time of consultation.<\/p>\n<p>&nbsp;<\/p>\n<p><strong>Cookies and personal data<\/strong><\/p>\n<p>The management of your personal data and the use of cookies are described in the following document: <a href=\"https:\/\/fr.foncia.com\/charte-de-protection-des-donnees\">https:\/\/fr.foncia.com\/charte-de-protection-des-donnees.<\/a><\/p>\n<p>&nbsp;<\/p>\n<p><strong>Information on the website<\/strong><\/p>\n<p>The publisher reserves the right to modify the content of the site at any time and without prior notice. The publisher cannot be held responsible for the consequences of such modifications. Similarly, the publisher reserves the right to interrupt or suspend all or part of the functionalities of the site at any time and without prior notice. The publisher provides this information for purely informative purposes. The publisher endeavours to check the accuracy of the information and to keep the site up to date. However, no guarantee is given as to the accuracy, precision, updating or exhaustiveness of the information made available on the site. Consequently and with the exception of gross negligence or wilful misconduct, the publisher declines all responsibility for any damage resulting in particular from imprecision or inaccuracy of the information available on the site or for any harm resulting from fraudulent intrusion by a third party on the site with the intention of damaging the interests or image of vacances.foncia.com in particular by distorting the information listed on the site.<\/p>\n<p>&nbsp;<\/p>\n<p><strong>Intellectual property rights<\/strong><\/p>\n<p>The whole of this site is subject to international legislation on copyright, trademark law and, in general, on intellectual property, with regard to each of the elements of its content (texts, images, data, drawings, photos, etc.) and its form. These contents, appearing on the pages of this site, are the exclusive property of Foncia.<\/p>\n<p>The reproduction or representation, in whole or in part, of the pages, data and any other component of the site, by any process whatsoever, is prohibited and constitutes without the express prior authorisation of the publisher, an infringement punishable by articles L335-2 et seq. of the Intellectual Property Code.<\/p>\n<p>The Gsi by Foncia trademark, and those of Foncia&#8217;s partners, as well as the logos appearing on the site are trademarks registered in France and\/or internationally in various forms. Any reproduction in whole or in part of these trademarks or logos, made from elements of the site without the express prior consent of Foncia, is therefore prohibited, within the meaning of Article L713-2 of the Intellectual Property Code.<\/p>\n<p>Similarly, any use of the content and this site for illegal purposes will result in legal action being taken against the offenders.<\/p>\n<p>Despite all the care taken in the creation of this site and its regular updating, errors may have crept into the information and\/or documents presented. Users of the site should therefore make any necessary checks.<br \/>\nGSI by Foncia cannot be held responsible for any direct or indirect damage that may result from accessing this site and\/or using the content of this site.<\/p>\n<p>&nbsp;<\/p>\n<p><strong>Exclusion of liability<\/strong><\/p>\n<p>The publisher accepts no liability whatsoever arising from access or the impossibility of access to all or part of the site, or from the use made of this access or this site by any third party.<br \/>\nAccess to and use of the portal are not guaranteed.<br \/>\nThe portal contains links to third-party sites that are not operated or monitored by the publisher, who accepts no responsibility for the content of these sites or their compliance with legal provisions.<\/p>\n<p>&nbsp;<\/p>\n<p><strong>Data security<\/strong><\/p>\n<p>When information is transferred over the network, your bank card number and all the information entered in the various forms are automatically encrypted during payment.<\/p>\n<p>&nbsp;<\/p>\n<p><strong><strong>Consumer Mediator<\/strong><\/strong><\/p>\n<p>Foncia&#8217;s consumer mediator is MEDIMMOCONSO, whose head office is located at 1 all\u00e9e du Parc de Mesemena 44500 LA BAULE.<br \/>\nIts website is <a href=\"https:\/\/medimmoconso.fr\/\">www.medimmoconso.fr<\/a>.<\/p>\n<p>&nbsp;<\/p>\n<p><strong>Applicable law<\/strong><\/p>\n<p>The content of the site is subject to the law applicable in France. All users recognise the jurisdiction of the competent court in Paris for all matters relating to the content and use of the site or any claims arising therefrom.<\/p>\n<p>&nbsp;<\/p>\n<p><strong>Credits<\/strong><\/p>\n<p>Design\/development: Merci creative &#8211; 460 rue de la Bourgeat, 73700 Bourg St Maurice &#8211; France &#8211; <a href=\"https:\/\/www.wearemerci.com\/\">www.wearemerci.com<\/a><br \/>\nHosting: Kinsta, whose registered office is Kinsta Inc., 8605 Santa Monica Blvd #92581, West Hollywood, CA 90069 \u2013 United States.<br \/>\nPhotos and movies credits: \u00a9ShutterStock \u2013 \u00a9 Offices de Tourisme de La Plagne, La Plagne-Les Coches, M\u00e9ribel, Saint Martin de Belleville, Champagny en Vanoise, Le Grand-Bornand, Valmorel, Les Arcs, Meg\u00e8ve, Auris en Oisans, L\u2019Alpe d\u2019Huez, Les Saisies, Crest-Voland, Notre Dame de Bellecombe, Peisey-Vallandry, Praz sur Arly \u2013 \u00a9Merci Creative \u2013 \u00a9Steeves AMBIL \u2013 \u00a9Studio-bergoend.com \u2013 \u00a9rikoolah-images.com \u2013 \u00a9Patrick Graham \u2013 \u00a9Raj Bundhoo \u2013 \u00a9Instinct Photo \u2013 \u00a9Flaticon \u2013 \u00a9Freepik \u2013 Unsplash, Pixabay, Gettyimages, Flaticon, Freepik, Bois de la Chaise \u2013 Noirmoutier en l\u2019\u00eele Joncheray, l\u2019estacade du Bois de la Chaise \u2013 Joncheray, Laurent-Salino, Cyrille Quintard, G.Roumestan, F.Muller, G.Deriviere, G.Sadet, L.Salemi, M.Angot, M.Eisenlhor, P.Berlan, JF. Cholley, F.Laharagne, JN.Dussouchet, Bateaux de St.Rapha\u00ebl \u2013 Service Environnement, Shutterstock, Fotolia, 3MTravel et X.Meloni\/OTSR,LezBroz.<\/p>\n","protected":false},"excerpt":{"rendered":"<p>General presentation SAS ALPIMO, a subsidiary of FONCIA, a simplified joint stock company with capital of \u20ac150,000.00 &#8211; RCS Chamb\u00e9ry 417 699 394. Registered office: 74 Place de l&#8217;Europe &#8211; 73200 Albertville &#8211; Business card n\u00b0 CPI CPI73012017000022442, issued on 13\/11\/2020 by the Savoie Chamber of Commerce and Industry at 5 rue Salteur, 73000 Chamb\u00e9ry. [&hellip;]<\/p>\n","protected":false},"author":3,"featured_media":0,"parent":0,"menu_order":158,"comment_status":"closed","ping_status":"closed","template":"","meta":{"_acf_changed":false,"footnotes":""},"class_list":["post-1700","page","type-page","status-publish","hentry"],"acf":[],"yoast_head":"<!-- This site is optimized with the Yoast SEO plugin v26.4 - https:\/\/yoast.com\/wordpress\/plugins\/seo\/ -->\n<title>Legal Notices - GSI Immobilier<\/title>\n<meta name=\"robots\" content=\"index, follow, max-snippet:-1, max-image-preview:large, max-video-preview:-1\" \/>\n<link rel=\"canonical\" href=\"https:\/\/www.gsi-immobilier.com\/mentions-legales\/\" \/>\n<meta property=\"og:locale\" content=\"en_US\" \/>\n<meta property=\"og:type\" content=\"article\" \/>\n<meta property=\"og:title\" content=\"Legal Notices - GSI Immobilier\" \/>\n<meta property=\"og:description\" content=\"General presentation SAS ALPIMO, a subsidiary of FONCIA, a simplified joint stock company with capital of \u20ac150,000.00 &#8211; RCS Chamb\u00e9ry 417 699 394. Registered office: 74 Place de l&#8217;Europe &#8211; 73200 Albertville &#8211; Business card n\u00b0 CPI CPI73012017000022442, issued on 13\/11\/2020 by the Savoie Chamber of Commerce and Industry at 5 rue Salteur, 73000 Chamb\u00e9ry. [&hellip;]\" \/>\n<meta property=\"og:url\" content=\"https:\/\/www.gsi-immobilier.com\/mentions-legales\/\" \/>\n<meta property=\"og:site_name\" content=\"GSI Immobilier\" \/>\n<meta property=\"article:publisher\" content=\"https:\/\/www.facebook.com\/gsi.by.foncia\" \/>\n<meta property=\"article:modified_time\" content=\"2025-03-31T13:55:46+00:00\" \/>\n<meta name=\"twitter:card\" content=\"summary_large_image\" \/>\n<meta name=\"twitter:label1\" content=\"Est. reading time\" \/>\n\t<meta name=\"twitter:data1\" content=\"6 minutes\" \/>\n<script type=\"application\/ld+json\" class=\"yoast-schema-graph\">{\"@context\":\"https:\/\/schema.org\",\"@graph\":[{\"@type\":\"WebPage\",\"@id\":\"https:\/\/www.gsi-immobilier.com\/mentions-legales\/\",\"url\":\"https:\/\/www.gsi-immobilier.com\/mentions-legales\/\",\"name\":\"Legal Notices - GSI Immobilier\",\"isPartOf\":{\"@id\":\"https:\/\/www.gsi-immobilier.com\/#website\"},\"datePublished\":\"2018-08-23T15:22:28+00:00\",\"dateModified\":\"2025-03-31T13:55:46+00:00\",\"breadcrumb\":{\"@id\":\"https:\/\/www.gsi-immobilier.com\/mentions-legales\/#breadcrumb\"},\"inLanguage\":\"en-gb\",\"potentialAction\":[{\"@type\":\"ReadAction\",\"target\":[\"https:\/\/www.gsi-immobilier.com\/mentions-legales\/\"]}]},{\"@type\":\"BreadcrumbList\",\"@id\":\"https:\/\/www.gsi-immobilier.com\/mentions-legales\/#breadcrumb\",\"itemListElement\":[{\"@type\":\"ListItem\",\"position\":1,\"name\":\"Accueil\",\"item\":\"https:\/\/www.gsi-immobilier.com\/en\/\"},{\"@type\":\"ListItem\",\"position\":2,\"name\":\"Legal Notices\"}]},{\"@type\":\"WebSite\",\"@id\":\"https:\/\/www.gsi-immobilier.com\/#website\",\"url\":\"https:\/\/www.gsi-immobilier.com\/\",\"name\":\"GSI Immobilier\",\"description\":\"Chalets et appartements en montagne\",\"publisher\":{\"@id\":\"https:\/\/www.gsi-immobilier.com\/#organization\"},\"potentialAction\":[{\"@type\":\"SearchAction\",\"target\":{\"@type\":\"EntryPoint\",\"urlTemplate\":\"https:\/\/www.gsi-immobilier.com\/?s={search_term_string}\"},\"query-input\":{\"@type\":\"PropertyValueSpecification\",\"valueRequired\":true,\"valueName\":\"search_term_string\"}}],\"inLanguage\":\"en-gb\"},{\"@type\":\"Organization\",\"@id\":\"https:\/\/www.gsi-immobilier.com\/#organization\",\"name\":\"GSI Immobilier\",\"url\":\"https:\/\/www.gsi-immobilier.com\/\",\"logo\":{\"@type\":\"ImageObject\",\"inLanguage\":\"en-gb\",\"@id\":\"https:\/\/www.gsi-immobilier.com\/#\/schema\/logo\/image\/\",\"url\":\"https:\/\/gsi-immobilier.com\/wp-content\/uploads\/2024\/09\/GSI_BY_FONCIA_LOGO_RVB__BLANC.png\",\"contentUrl\":\"https:\/\/gsi-immobilier.com\/wp-content\/uploads\/2024\/09\/GSI_BY_FONCIA_LOGO_RVB__BLANC.png\",\"width\":1920,\"height\":1606,\"caption\":\"GSI Immobilier\"},\"image\":{\"@id\":\"https:\/\/www.gsi-immobilier.com\/#\/schema\/logo\/image\/\"},\"sameAs\":[\"https:\/\/www.facebook.com\/gsi.by.foncia\"]}]}<\/script>\n<!-- \/ Yoast SEO plugin. -->","yoast_head_json":{"title":"Legal Notices - GSI Immobilier","robots":{"index":"index","follow":"follow","max-snippet":"max-snippet:-1","max-image-preview":"max-image-preview:large","max-video-preview":"max-video-preview:-1"},"canonical":"https:\/\/www.gsi-immobilier.com\/mentions-legales\/","og_locale":"en_US","og_type":"article","og_title":"Legal Notices - GSI Immobilier","og_description":"General presentation SAS ALPIMO, a subsidiary of FONCIA, a simplified joint stock company with capital of \u20ac150,000.00 &#8211; RCS Chamb\u00e9ry 417 699 394. Registered office: 74 Place de l&#8217;Europe &#8211; 73200 Albertville &#8211; Business card n\u00b0 CPI CPI73012017000022442, issued on 13\/11\/2020 by the Savoie Chamber of Commerce and Industry at 5 rue Salteur, 73000 Chamb\u00e9ry. [&hellip;]","og_url":"https:\/\/www.gsi-immobilier.com\/mentions-legales\/","og_site_name":"GSI Immobilier","article_publisher":"https:\/\/www.facebook.com\/gsi.by.foncia","article_modified_time":"2025-03-31T13:55:46+00:00","twitter_card":"summary_large_image","twitter_misc":{"Est. reading time":"6 minutes"},"schema":{"@context":"https:\/\/schema.org","@graph":[{"@type":"WebPage","@id":"https:\/\/www.gsi-immobilier.com\/mentions-legales\/","url":"https:\/\/www.gsi-immobilier.com\/mentions-legales\/","name":"Legal Notices - GSI Immobilier","isPartOf":{"@id":"https:\/\/www.gsi-immobilier.com\/#website"},"datePublished":"2018-08-23T15:22:28+00:00","dateModified":"2025-03-31T13:55:46+00:00","breadcrumb":{"@id":"https:\/\/www.gsi-immobilier.com\/mentions-legales\/#breadcrumb"},"inLanguage":"en-gb","potentialAction":[{"@type":"ReadAction","target":["https:\/\/www.gsi-immobilier.com\/mentions-legales\/"]}]},{"@type":"BreadcrumbList","@id":"https:\/\/www.gsi-immobilier.com\/mentions-legales\/#breadcrumb","itemListElement":[{"@type":"ListItem","position":1,"name":"Accueil","item":"https:\/\/www.gsi-immobilier.com\/en\/"},{"@type":"ListItem","position":2,"name":"Legal Notices"}]},{"@type":"WebSite","@id":"https:\/\/www.gsi-immobilier.com\/#website","url":"https:\/\/www.gsi-immobilier.com\/","name":"GSI Immobilier","description":"Chalets et appartements en montagne","publisher":{"@id":"https:\/\/www.gsi-immobilier.com\/#organization"},"potentialAction":[{"@type":"SearchAction","target":{"@type":"EntryPoint","urlTemplate":"https:\/\/www.gsi-immobilier.com\/?s={search_term_string}"},"query-input":{"@type":"PropertyValueSpecification","valueRequired":true,"valueName":"search_term_string"}}],"inLanguage":"en-gb"},{"@type":"Organization","@id":"https:\/\/www.gsi-immobilier.com\/#organization","name":"GSI Immobilier","url":"https:\/\/www.gsi-immobilier.com\/","logo":{"@type":"ImageObject","inLanguage":"en-gb","@id":"https:\/\/www.gsi-immobilier.com\/#\/schema\/logo\/image\/","url":"https:\/\/gsi-immobilier.com\/wp-content\/uploads\/2024\/09\/GSI_BY_FONCIA_LOGO_RVB__BLANC.png","contentUrl":"https:\/\/gsi-immobilier.com\/wp-content\/uploads\/2024\/09\/GSI_BY_FONCIA_LOGO_RVB__BLANC.png","width":1920,"height":1606,"caption":"GSI Immobilier"},"image":{"@id":"https:\/\/www.gsi-immobilier.com\/#\/schema\/logo\/image\/"},"sameAs":["https:\/\/www.facebook.com\/gsi.by.foncia"]}]}},"_links":{"self":[{"href":"https:\/\/gsi-immobilier.cf.prod.fonciatech.net\/en\/wp-json\/wp\/v2\/pages\/1700","targetHints":{"allow":["GET"]}}],"collection":[{"href":"https:\/\/gsi-immobilier.cf.prod.fonciatech.net\/en\/wp-json\/wp\/v2\/pages"}],"about":[{"href":"https:\/\/gsi-immobilier.cf.prod.fonciatech.net\/en\/wp-json\/wp\/v2\/types\/page"}],"author":[{"embeddable":true,"href":"https:\/\/gsi-immobilier.cf.prod.fonciatech.net\/en\/wp-json\/wp\/v2\/users\/3"}],"replies":[{"embeddable":true,"href":"https:\/\/gsi-immobilier.cf.prod.fonciatech.net\/en\/wp-json\/wp\/v2\/comments?post=1700"}],"version-history":[{"count":1,"href":"https:\/\/gsi-immobilier.cf.prod.fonciatech.net\/en\/wp-json\/wp\/v2\/pages\/1700\/revisions"}],"predecessor-version":[{"id":54153,"href":"https:\/\/gsi-immobilier.cf.prod.fonciatech.net\/en\/wp-json\/wp\/v2\/pages\/1700\/revisions\/54153"}],"wp:attachment":[{"href":"https:\/\/gsi-immobilier.cf.prod.fonciatech.net\/en\/wp-json\/wp\/v2\/media?parent=1700"}],"curies":[{"name":"wp","href":"https:\/\/api.w.org\/{rel}","templated":true}]}}